{"id":785,"date":"2022-02-25T13:33:54","date_gmt":"2022-02-25T11:33:54","guid":{"rendered":"https:\/\/hierontaote.fi\/tietosuojaseloste\/"},"modified":"2023-10-20T12:12:40","modified_gmt":"2023-10-20T09:12:40","slug":"privacy-policy","status":"publish","type":"page","link":"https:\/\/hierontaote.fi\/en\/privacy-policy\/","title":{"rendered":"Privacy policy"},"content":{"rendered":"<section class=\"l-section wpb_row height_auto color_primary\"><div class=\"l-section-overlay\" style=\"background:rgba(0,0,0,0.50)\"><\/div><div class=\"l-section-h i-cf\"><div class=\"g-cols vc_row via_flex valign_top type_default stacking_default\"><div class=\"vc_col-sm-12 wpb_column vc_column_container\"><div class=\"vc_column-inner\"><div class=\"wpb_wrapper\"><div class=\"w-separator size_custom\" style=\"height:120px\" id=\"o06e\"><style>@media(max-width:600px){ #o06e{height:80px!important}}<\/style><\/div>[vc_custom_heading text=&#8221;Privacy policy&#8221; font_container=&#8221;tag:h1|text_align:left&#8221; use_theme_fonts=&#8221;yes&#8221;]<div class=\"w-separator size_custom\" style=\"height:120px\" id=\"z0d0\"><style>@media(max-width:600px){ #z0d0{height:80px!important}}<\/style><\/div><\/div><\/div><\/div><\/div><\/div><\/section><section class=\"l-section wpb_row height_large color_alternate\"><div class=\"l-section-h i-cf\"><div class=\"g-cols vc_row via_flex valign_top type_default stacking_default\"><div class=\"vc_col-sm-2 vc_hidden-sm vc_hidden-xs wpb_column vc_column_container\"><div class=\"vc_column-inner\"><div class=\"wpb_wrapper\"><\/div><\/div><\/div><div class=\"vc_col-sm-12 vc_col-lg-8 vc_col-md-8 wpb_column vc_column_container\"><div class=\"vc_column-inner\"><div class=\"wpb_wrapper\"><div class=\"wpb_text_column\"><div class=\"wpb_wrapper\"><p>Henkilo\u0308tietolain 10\u00a7 mukainen rekisteriseloste HIERONTAOTE OY ajanvaraus- ja asiakastietoja\u0308rjestelma\u0308lle sek\u00e4 Tietosuoja-asetuksen mukainen informointi tiedon tallentamisesta.<\/p>\n<p><strong>1. Rekisterinpita\u0308ja\u0308<\/strong><br \/>\nRekisterinpit\u00e4j\u00e4:<br \/>\nHIERONTAOTE OY<br \/>\nY-tunnus: 2567275-1<\/p>\n<p><strong>Osoite: <\/strong><br \/>\nLehdokkitie 2 B<br \/>\n01300 VANTAA<\/p>\n<p><strong>Sa\u0308hko\u0308postiosoite: <\/strong><br \/>\nhierontaote@gmail.com<\/p>\n<p><strong>2. Rekisteriasioita hoitavat henkil\u00f6t<\/strong><br \/>\nRekisterin yhteyshenkil\u00f6<\/p>\n<p>Petteri Duncker<br \/>\nUnikkotie 9<br \/>\n01300 Vantaa<\/p>\n<p>petteri.duncker@gmail.com<br \/>\n050-576 3476<\/p>\n<p>Tietosuojavastaava (jos nimitetty)<\/p>\n<p>[TIETOSUOJAVASTAAVAN NIMI, S\u00c4HK\u00d6POSTIOSOITE, OSOITE, PUHELINNUMERO]<\/p>\n<p>Edustaja (tarvittaessa)<\/p>\n<p>[EDUSTAJAN NIMI, S\u00c4HK\u00d6POSTIOSOITE, OSOITE, PUHELINNUMERO]<\/p>\n<p><strong>3. Rekisterin nimi<\/strong><br \/>\nHierontaote Oy asiakastietojen, laskutuksen ja ajanvarausten rekisteri<\/p>\n<p><strong>4. Rekisterin ka\u0308ytto\u0308tarkoitus ja tietola\u0308hteet<\/strong><br \/>\nRekisterin k\u00e4ytt\u00f6tarkoitus on asiakassuhteen parantaminen, ajanvarausten mahdollistaminen ja laskutustietojen yll\u00e4pito.<\/p>\n<p>Tietoja kera\u0308ta\u0308a\u0308n rekistero\u0308idyilta\u0308 itselta\u0308a\u0308n. Tiedot tallennetaan ajanvarauksen yhteydess\u00e4.<\/p>\n<p>Jos kyseess\u00e4 on hoitoala, tietoja ker\u00e4t\u00e4\u00e4n my\u00f6s asiakasta palvelevalta hoitohenkil\u00f6st\u00f6lt\u00e4. Kera\u0308tta\u0308via\u0308 henkilo\u0308tietoja ka\u0308yteta\u0308a\u0308n Rekisterinpit\u00e4j\u00e4n ja asiakkaan asiakassuhteiden ylla\u0308pitoon, laskutukseen, seka\u0308 palvelun edellytta\u0308mien yhteydenottojen ja viestien mahdollistamiseen. Jos asiakkaan ja Rekisterinpit\u00e4j\u00e4n v\u00e4lill\u00e4 on hoitosuhde, j\u00e4rjestelm\u00e4\u00e4n tallennetaan my\u00f6s hoitosuhteen kannalta asiakkaan tallennettavaksi hyv\u00e4ksym\u00e4t tiedot. Hoitotietojen osalta ne tiedot vied\u00e4\u00e4n viranomaisten yll\u00e4pit\u00e4m\u00e4\u00e4n Kanta-arkistoon, jotka laki edellytt\u00e4\u00e4 viet\u00e4v\u00e4ksi.<\/p>\n<p>Tietoja ei luovuteta kolmansien osapuolien k\u00e4ytt\u00f6\u00f6n. Rekisterinpit\u00e4j\u00e4 voi myo\u0308s la\u0308hetta\u0308a\u0308 markkinointi- ja muita tiedotusviesteja\u0308 asiakkaalle, mik\u00e4li asiakas on sen sallinut. Asiakas voi kielta\u0308ytya\u0308 na\u0308ista\u0308 tiedotteista ilmoittamalla siita\u0308 sa\u0308hko\u0308postitse osoitteeseen hierontaote@gmail.com.<\/p>\n<p><strong>5. Rekisterin tietosisa\u0308lto\u0308<\/strong><br \/>\nRekisteriin talletetaan tai voidaan tallettaa seuraavat tiedot: nimi, sa\u0308hko\u0308postiosoite, osoite (mahdollisesti), puhelinnumero (mahdollisesti), sukupuoli (mahdollisesti), syntyma\u0308vuosi (mahdollisesti), syntym\u00e4aika tai henkil\u00f6tunnus(jos laki edellytt\u00e4\u00e4 sit\u00e4 hoitosuhteen perusteella), asiakkaan laskutustiedot, kuten etu- ja sukunimi, kieli, tieto asiakaskirjeiden vastaanotosta sa\u0308hko\u0308postitse ja tekstiviestitse, viimeisin sisa\u0308a\u0308nkirjautuminen(jos kirjautuminen ajanvaraukseen k\u00e4yt\u00f6ss\u00e4), tiedot siit\u00e4 kuka asiakastietoja on katsellut ja muokannut, tehdyt varaukset, asiakask\u00e4ynnit, maksut ja tieto siit\u00e4 kuka niit\u00e4 on katsellut tai muokannut.<\/p>\n<p><strong>6. Tietojen luovuttaminen s\u00e4\u00e4nn\u00f6nmukaisesti ja siirret\u00e4\u00e4nk\u00f6 tietoja EU:n tai Euroopan talousalueen ulkopuolelle<\/strong><br \/>\nTietoja ei luovuteta kolmansille osapuolille eik\u00e4 EU:n tai Euroopan talousalueen ulkopuolelle.<\/p>\n<p><strong>7. Tietojen sa\u0308ilytys<\/strong><br \/>\nTietoja sa\u0308ilyteta\u0308a\u0308n asiakassuhteen jatkumisen ajan tai niin pitk\u00e4\u00e4n kun laki sit\u00e4 edellytt\u00e4\u00e4. Tietojen s\u00e4ilytyksess\u00e4 on huomioitu sit\u00e4 koskevat lait, asetukset ja direktiivit.<\/p>\n<p>Tiedot voidaan vaatia poistettavaksi mik\u00e4li laki sen sallii ja asiakas niin pyyt\u00e4\u00e4.<\/p>\n<p><strong>8. Tietojen suojauksen periaatteita<\/strong><br \/>\nRekisterinpit\u00e4j\u00e4n k\u00e4ytt\u00e4m\u00e4 palvelimen yll\u00e4pit\u00e4j\u00e4 ja GDPR-asetuksen mukainen Tiedon k\u00e4sittelij\u00e4 on Ajas Oy.<\/p>\n<p>Rekisteritiedon k\u00e4sittelyyn k\u00e4ytett\u00e4v\u00e4 verkkopalvelu on suojattu salasanoin ja palvelin seka\u0308 muut palvelimet ovat suojattuja palomuurein, salasanoin ja muin teknisin keinoin. Salasanoja ei tallennetta palvelimelle selkokielisena\u0308 vaan ne sa\u0308ilyteta\u0308a\u0308n suolattuina ja kryptattuina \u201csalt\u201d kulloinkin turvallisena pidettyna\u0308 menetelma\u0308a\u0308 ka\u0308ytta\u0308en. Palvelin sijaitsee lukitussa ja vartioidussa tilassa Upcloud Oy:n palvelinsalissa Helsingiss\u00e4. Tietojen s\u00e4ilyvyys on varmistettu automaattisten varmuuskopioiden avulla.<\/p>\n<p>Ajas Oy:n henkil\u00f6st\u00f6 on vaitiolovelvollinen ja jokainen on allekirjoittanut salassapitosopimukset, jossa sitoutuvat olemaan paljastamatta mit\u00e4\u00e4n asiakastietoihin liittyv\u00e4\u00e4 tietoa.<\/p>\n<p>Jos k\u00e4ytt\u00e4miimme j\u00e4rjestelmiin murtaudutaan niin, etta\u0308 se vaikuttaa sinuun, saamme siit\u00e4 tiedon ja ilmoitamme siit\u00e4 mahdollisimman nopeasti ja kerromme myo\u0308hemmin mita\u0308 vastatoimenpiteita\u0308 me teimme. Asiakkaan on pidetta\u0308va\u0308 oma ka\u0308ytta\u0308ja\u0308tunnus ja salasana salassa kolmansilta osapuolilta, mik\u00e4li asiakkaalla on sellaiset.<\/p>\n<p><strong>9. Tarkastus- ja kielto-oikeus<\/strong><br \/>\nAsiakkaalla on oikeus saada tarkistaa itsea\u0308a\u0308n koskevat tiedot, oikeus vaatia virheellisen tiedon oikaisua, oikeus kielta\u0308a\u0308 antamiensa tietojen ka\u0308yto\u0308n suoramarkkinointi- tms. tarkoitukseen seka\u0308 muutoinkin turvautua henkilo\u0308tietolaissa ja EU-direktiiviss\u00e4 turvattuihin oikeuksiinsa ellei laissa muuten ma\u0308a\u0308ra\u0308ta\u0308.<\/p>\n<p>Pyynno\u0308t on osoitettava kohdassa 2 m\u00e4\u00e4ritellylle rekisterin yhteyshenkil\u00f6lle. Kaikkien tallennettujen tietojen lista voidaan pyyt\u00e4\u00e4 korkeintaan 1 kertaa vuodessa.<\/p>\n<p><strong>10. Eva\u0308steet ajanvarausj\u00e4rjestelm\u00e4n k\u00e4ytt\u00e4jille<\/strong><br \/>\nKa\u0308yta\u0308mme sivuillamme [jos k\u00e4yt\u00f6ss\u00e4] ja ajanvarausj\u00e4rjestelm\u00e4ss\u00e4 ns. cookie -toimintoa eli eva\u0308steita\u0308. Eva\u0308ste on pieni, ka\u0308ytta\u0308ja\u0308n selaimelle talletettava ja siella\u0308 sa\u0308ilytetta\u0308va\u0308 merkint\u00e4, joka mahdollistaa sen, ett\u00e4 k\u00e4ytt\u00e4j\u00e4lle voidaan luoda turvallinen istunto (sessio), jonka ajan j\u00e4rjestelm\u00e4 tiet\u00e4\u00e4 kyseess\u00e4 olevan saman k\u00e4ytt\u00e4j\u00e4n. Ilman eva\u0308steita\u0308 ajanvarauspalveluun kirjautuminen ei onnistu. Eva\u0308steet eiva\u0308t vahingoita ka\u0308ytta\u0308jien tietokoneita tai tiedostoja. Mika\u0308li ajanvarausj\u00e4rjestelm\u00e4ss\u00e4 vieraileva ka\u0308ytta\u0308ja\u0308 ei halua sallia ev\u00e4steit\u00e4, se on mahdollista, mutta t\u00e4ll\u00f6in palveluiden sujuvaa toimintaa ei voida taata, sill\u00e4 ev\u00e4steet ovat tarpeellisia ylla\u0308pita\u0308miemme sivujen ja tarjoamiemme palveluiden asianmukaiselle toimimiselle.<\/p>\n<p><strong>11. IP-tiedot<\/strong><br \/>\nRekisterinpit\u00e4j\u00e4n k\u00e4ytt\u00e4m\u00e4ss\u00e4 Ajas-ajanvarausja\u0308rjestelma\u0308ssa\u0308 vierailevien ka\u0308ytta\u0308jien IP-osoitteet tallentuvat niille varattuun lokiin. Lokia ka\u0308yteta\u0308a\u0308n mahdollisiin virheselvityksiin sek\u00e4 tietoturvan yll\u00e4pitoon. Lokiin on pa\u0308a\u0308sy rekisterinpitoon k\u00e4ytett\u00e4v\u00e4n Ajas-j\u00e4rjestelm\u00e4n henkilo\u0308sto\u0308st\u00e4 ennalta m\u00e4\u00e4r\u00e4tyill\u00e4 henkil\u00f6ill\u00e4.<\/p>\n<p><strong>12. Lains\u00e4\u00e4d\u00e4nt\u00f6<\/strong><br \/>\nRekisterinpit\u00e4j\u00e4 noudattaa asiakastietojen s\u00e4ilytyksess\u00e4 henkil\u00f6tiedon k\u00e4sittely\u00e4 koskevaa EU:n yleist\u00e4 tietosuoja-asetusta sek\u00e4 Suomen tietosuojalakia.<\/p>\n<p>Rekisterinpit\u00e4j\u00e4 on laatinut organisaatiossa GDPR:n 30. artiklan mukaisen sis\u00e4isen Selosteen k\u00e4sittelytoimista.<\/p>\n<\/div><\/div><\/div><\/div><\/div><div class=\"vc_col-sm-2 vc_hidden-sm vc_hidden-xs wpb_column vc_column_container\"><div class=\"vc_column-inner\"><div class=\"wpb_wrapper\"><\/div><\/div><\/div><\/div><\/div><\/section>\n","protected":false},"excerpt":{"rendered":"[vc_custom_heading text=\"Privacy policy\" font_container=\"tag:h1|text_align:left\" use_theme_fonts=\"yes\"]Henkilo\u0308tietolain 10\u00a7 mukainen rekisteriseloste HIERONTAOTE OY ajanvaraus- ja asiakastietoja\u0308rjestelma\u0308lle sek\u00e4 Tietosuoja-asetuksen mukainen informointi tiedon tallentamisesta. 1. Rekisterinpita\u0308ja\u0308 Rekisterinpit\u00e4j\u00e4: HIERONTAOTE OY Y-tunnus: 2567275-1 Osoite: Lehdokkitie 2 B 01300 VANTAA Sa\u0308hko\u0308postiosoite: hierontaote@gmail.com 2. Rekisteriasioita hoitavat henkil\u00f6t Rekisterin yhteyshenkil\u00f6 Petteri Duncker Unikkotie 9 01300 Vantaa petteri.duncker@gmail.com 050-576 3476 Tietosuojavastaava (jos nimitetty) [TIETOSUOJAVASTAAVAN NIMI, S\u00c4HK\u00d6POSTIOSOITE,...","protected":false},"author":1,"featured_media":0,"parent":0,"menu_order":400,"comment_status":"closed","ping_status":"closed","template":"","meta":{"footnotes":""},"class_list":["post-785","page","type-page","status-publish","hentry"],"yoast_head":"<!-- This site is optimized with the Yoast SEO plugin v27.0 - https:\/\/yoast.com\/product\/yoast-seo-wordpress\/ -->\n<title>Privacy policy - Hierontaote<\/title>\n<meta name=\"robots\" content=\"index, follow, max-snippet:-1, max-image-preview:large, max-video-preview:-1\" \/>\n<link rel=\"canonical\" href=\"https:\/\/hierontaote.fi\/en\/privacy-policy\/\" \/>\n<meta property=\"og:locale\" content=\"en_US\" \/>\n<meta property=\"og:type\" content=\"article\" \/>\n<meta property=\"og:title\" content=\"Privacy policy - Hierontaote\" \/>\n<meta property=\"og:url\" content=\"https:\/\/hierontaote.fi\/en\/privacy-policy\/\" \/>\n<meta property=\"og:site_name\" content=\"Hierontaote\" \/>\n<meta property=\"article:modified_time\" content=\"2023-10-20T09:12:40+00:00\" \/>\n<meta name=\"twitter:card\" content=\"summary_large_image\" \/>\n<meta name=\"twitter:label1\" content=\"Est. reading time\" \/>\n\t<meta name=\"twitter:data1\" content=\"5 minutes\" \/>\n<script type=\"application\/ld+json\" class=\"yoast-schema-graph\">{\"@context\":\"https:\/\/schema.org\",\"@graph\":[{\"@type\":\"WebPage\",\"@id\":\"https:\/\/hierontaote.fi\/en\/privacy-policy\/\",\"url\":\"https:\/\/hierontaote.fi\/en\/privacy-policy\/\",\"name\":\"Privacy policy - Hierontaote\",\"isPartOf\":{\"@id\":\"https:\/\/hierontaote.fi\/#website\"},\"datePublished\":\"2022-02-25T11:33:54+00:00\",\"dateModified\":\"2023-10-20T09:12:40+00:00\",\"breadcrumb\":{\"@id\":\"https:\/\/hierontaote.fi\/en\/privacy-policy\/#breadcrumb\"},\"inLanguage\":\"en-US\",\"potentialAction\":[{\"@type\":\"ReadAction\",\"target\":[\"https:\/\/hierontaote.fi\/en\/privacy-policy\/\"]}]},{\"@type\":\"BreadcrumbList\",\"@id\":\"https:\/\/hierontaote.fi\/en\/privacy-policy\/#breadcrumb\",\"itemListElement\":[{\"@type\":\"ListItem\",\"position\":1,\"name\":\"Home\",\"item\":\"https:\/\/hierontaote.fi\/en\/\"},{\"@type\":\"ListItem\",\"position\":2,\"name\":\"Privacy policy\"}]},{\"@type\":\"WebSite\",\"@id\":\"https:\/\/hierontaote.fi\/#website\",\"url\":\"https:\/\/hierontaote.fi\/\",\"name\":\"Hierontaote\",\"description\":\"Hierontapalvelut Vantaa, Helsinki\",\"potentialAction\":[{\"@type\":\"SearchAction\",\"target\":{\"@type\":\"EntryPoint\",\"urlTemplate\":\"https:\/\/hierontaote.fi\/?s={search_term_string}\"},\"query-input\":{\"@type\":\"PropertyValueSpecification\",\"valueRequired\":true,\"valueName\":\"search_term_string\"}}],\"inLanguage\":\"en-US\"}]}<\/script>\n<!-- \/ Yoast SEO plugin. -->","yoast_head_json":{"title":"Privacy policy - Hierontaote","robots":{"index":"index","follow":"follow","max-snippet":"max-snippet:-1","max-image-preview":"max-image-preview:large","max-video-preview":"max-video-preview:-1"},"canonical":"https:\/\/hierontaote.fi\/en\/privacy-policy\/","og_locale":"en_US","og_type":"article","og_title":"Privacy policy - Hierontaote","og_url":"https:\/\/hierontaote.fi\/en\/privacy-policy\/","og_site_name":"Hierontaote","article_modified_time":"2023-10-20T09:12:40+00:00","twitter_card":"summary_large_image","twitter_misc":{"Est. reading time":"5 minutes"},"schema":{"@context":"https:\/\/schema.org","@graph":[{"@type":"WebPage","@id":"https:\/\/hierontaote.fi\/en\/privacy-policy\/","url":"https:\/\/hierontaote.fi\/en\/privacy-policy\/","name":"Privacy policy - Hierontaote","isPartOf":{"@id":"https:\/\/hierontaote.fi\/#website"},"datePublished":"2022-02-25T11:33:54+00:00","dateModified":"2023-10-20T09:12:40+00:00","breadcrumb":{"@id":"https:\/\/hierontaote.fi\/en\/privacy-policy\/#breadcrumb"},"inLanguage":"en-US","potentialAction":[{"@type":"ReadAction","target":["https:\/\/hierontaote.fi\/en\/privacy-policy\/"]}]},{"@type":"BreadcrumbList","@id":"https:\/\/hierontaote.fi\/en\/privacy-policy\/#breadcrumb","itemListElement":[{"@type":"ListItem","position":1,"name":"Home","item":"https:\/\/hierontaote.fi\/en\/"},{"@type":"ListItem","position":2,"name":"Privacy policy"}]},{"@type":"WebSite","@id":"https:\/\/hierontaote.fi\/#website","url":"https:\/\/hierontaote.fi\/","name":"Hierontaote","description":"Hierontapalvelut Vantaa, Helsinki","potentialAction":[{"@type":"SearchAction","target":{"@type":"EntryPoint","urlTemplate":"https:\/\/hierontaote.fi\/?s={search_term_string}"},"query-input":{"@type":"PropertyValueSpecification","valueRequired":true,"valueName":"search_term_string"}}],"inLanguage":"en-US"}]}},"_links":{"self":[{"href":"https:\/\/hierontaote.fi\/en\/wp-json\/wp\/v2\/pages\/785","targetHints":{"allow":["GET"]}}],"collection":[{"href":"https:\/\/hierontaote.fi\/en\/wp-json\/wp\/v2\/pages"}],"about":[{"href":"https:\/\/hierontaote.fi\/en\/wp-json\/wp\/v2\/types\/page"}],"author":[{"embeddable":true,"href":"https:\/\/hierontaote.fi\/en\/wp-json\/wp\/v2\/users\/1"}],"replies":[{"embeddable":true,"href":"https:\/\/hierontaote.fi\/en\/wp-json\/wp\/v2\/comments?post=785"}],"version-history":[{"count":2,"href":"https:\/\/hierontaote.fi\/en\/wp-json\/wp\/v2\/pages\/785\/revisions"}],"predecessor-version":[{"id":1574,"href":"https:\/\/hierontaote.fi\/en\/wp-json\/wp\/v2\/pages\/785\/revisions\/1574"}],"wp:attachment":[{"href":"https:\/\/hierontaote.fi\/en\/wp-json\/wp\/v2\/media?parent=785"}],"curies":[{"name":"wp","href":"https:\/\/api.w.org\/{rel}","templated":true}]}}